{"id":10080,"date":"2025-08-21T09:14:25","date_gmt":"2025-08-21T09:14:25","guid":{"rendered":"https:\/\/besamalzeme.com\/?post_type=product&#038;p=10080"},"modified":"2026-03-14T12:51:15","modified_gmt":"2026-03-14T12:51:15","slug":"metal-l-kose-aparati","status":"publish","type":"product","link":"https:\/\/besamalzeme.com\/?product=metal-l-kose-aparati","title":{"rendered":"Metal L K\u00f6\u015fe Aparat\u0131"},"content":{"rendered":"<ul>\n<li><strong>Metal L K\u00f6\u015fe Aparat\u0131 15<em data-start=\"71\" data-end=\"75\">25<\/em>25 No:1<\/strong><\/li>\n<\/ul>\n","protected":false},"excerpt":{"rendered":"<p>Metal L K\u00f6\u015fe Aparat\u0131 152525 No:1<\/p>\n","protected":false},"featured_media":0,"comment_status":"open","ping_status":"closed","template":"","meta":[],"product_cat":[165,164],"product_tag":[],"_links":{"self":[{"href":"https:\/\/besamalzeme.com\/index.php?rest_route=\/wp\/v2\/product\/10080"}],"collection":[{"href":"https:\/\/besamalzeme.com\/index.php?rest_route=\/wp\/v2\/product"}],"about":[{"href":"https:\/\/besamalzeme.com\/index.php?rest_route=\/wp\/v2\/types\/product"}],"replies":[{"embeddable":true,"href":"https:\/\/besamalzeme.com\/index.php?rest_route=%2Fwp%2Fv2%2Fcomments&post=10080"}],"version-history":[{"count":1,"href":"https:\/\/besamalzeme.com\/index.php?rest_route=\/wp\/v2\/product\/10080\/revisions"}],"predecessor-version":[{"id":10081,"href":"https:\/\/besamalzeme.com\/index.php?rest_route=\/wp\/v2\/product\/10080\/revisions\/10081"}],"wp:attachment":[{"href":"https:\/\/besamalzeme.com\/index.php?rest_route=%2Fwp%2Fv2%2Fmedia&parent=10080"}],"wp:term":[{"taxonomy":"product_cat","embeddable":true,"href":"https:\/\/besamalzeme.com\/index.php?rest_route=%2Fwp%2Fv2%2Fproduct_cat&post=10080"},{"taxonomy":"product_tag","embeddable":true,"href":"https:\/\/besamalzeme.com\/index.php?rest_route=%2Fwp%2Fv2%2Fproduct_tag&post=10080"}],"curies":[{"name":"wp","href":"https:\/\/api.w.org\/{rel}","templated":true}]}}