{"id":10186,"date":"2025-08-21T10:05:12","date_gmt":"2025-08-21T10:05:12","guid":{"rendered":"https:\/\/besamalzeme.com\/?post_type=product&#038;p=10186"},"modified":"2026-03-14T12:11:24","modified_gmt":"2026-03-14T12:11:24","slug":"maket-bicagi-yedek-gfb","status":"publish","type":"product","link":"https:\/\/besamalzeme.com\/?product=maket-bicagi-yedek-gfb","title":{"rendered":"Gfb Maket B\u0131\u00e7a\u011f\u0131 Yede\u011fi"},"content":{"rendered":"<ul>\n<li><strong>Maket B\u0131\u00e7a\u011f\u0131 Yede\u011fi 18Mm Gfb<\/strong><\/li>\n<\/ul>\n","protected":false},"excerpt":{"rendered":"<p>Maket B\u0131\u00e7a\u011f\u0131 Yede\u011fi 18Mm Gfb<\/p>\n","protected":false},"featured_media":10991,"comment_status":"open","ping_status":"closed","template":"","meta":[],"product_cat":[159,28],"product_tag":[],"_links":{"self":[{"href":"https:\/\/besamalzeme.com\/index.php?rest_route=\/wp\/v2\/product\/10186"}],"collection":[{"href":"https:\/\/besamalzeme.com\/index.php?rest_route=\/wp\/v2\/product"}],"about":[{"href":"https:\/\/besamalzeme.com\/index.php?rest_route=\/wp\/v2\/types\/product"}],"replies":[{"embeddable":true,"href":"https:\/\/besamalzeme.com\/index.php?rest_route=%2Fwp%2Fv2%2Fcomments&post=10186"}],"version-history":[{"count":2,"href":"https:\/\/besamalzeme.com\/index.php?rest_route=\/wp\/v2\/product\/10186\/revisions"}],"predecessor-version":[{"id":10992,"href":"https:\/\/besamalzeme.com\/index.php?rest_route=\/wp\/v2\/product\/10186\/revisions\/10992"}],"wp:featuredmedia":[{"embeddable":true,"href":"https:\/\/besamalzeme.com\/index.php?rest_route=\/wp\/v2\/media\/10991"}],"wp:attachment":[{"href":"https:\/\/besamalzeme.com\/index.php?rest_route=%2Fwp%2Fv2%2Fmedia&parent=10186"}],"wp:term":[{"taxonomy":"product_cat","embeddable":true,"href":"https:\/\/besamalzeme.com\/index.php?rest_route=%2Fwp%2Fv2%2Fproduct_cat&post=10186"},{"taxonomy":"product_tag","embeddable":true,"href":"https:\/\/besamalzeme.com\/index.php?rest_route=%2Fwp%2Fv2%2Fproduct_tag&post=10186"}],"curies":[{"name":"wp","href":"https:\/\/api.w.org\/{rel}","templated":true}]}}