{"id":10188,"date":"2025-08-21T10:06:05","date_gmt":"2025-08-21T10:06:05","guid":{"rendered":"https:\/\/besamalzeme.com\/?post_type=product&#038;p=10188"},"modified":"2026-03-14T12:11:14","modified_gmt":"2026-03-14T12:11:14","slug":"maket-bicagi-yedek-sdi","status":"publish","type":"product","link":"https:\/\/besamalzeme.com\/?product=maket-bicagi-yedek-sdi","title":{"rendered":"Sd\u0131 Maket B\u0131\u00e7a\u011f\u0131 Yede\u011fi"},"content":{"rendered":"<ul>\n<li><strong>Maket B\u0131\u00e7a\u011f\u0131 Yede\u011fi 18Mm Sd\u0131<\/strong><\/li>\n<\/ul>\n","protected":false},"excerpt":{"rendered":"<p>Maket B\u0131\u00e7a\u011f\u0131 Yede\u011fi 18Mm Sd\u0131<\/p>\n","protected":false},"featured_media":10993,"comment_status":"open","ping_status":"closed","template":"","meta":[],"product_cat":[159,28],"product_tag":[],"_links":{"self":[{"href":"https:\/\/besamalzeme.com\/index.php?rest_route=\/wp\/v2\/product\/10188"}],"collection":[{"href":"https:\/\/besamalzeme.com\/index.php?rest_route=\/wp\/v2\/product"}],"about":[{"href":"https:\/\/besamalzeme.com\/index.php?rest_route=\/wp\/v2\/types\/product"}],"replies":[{"embeddable":true,"href":"https:\/\/besamalzeme.com\/index.php?rest_route=%2Fwp%2Fv2%2Fcomments&post=10188"}],"version-history":[{"count":2,"href":"https:\/\/besamalzeme.com\/index.php?rest_route=\/wp\/v2\/product\/10188\/revisions"}],"predecessor-version":[{"id":10994,"href":"https:\/\/besamalzeme.com\/index.php?rest_route=\/wp\/v2\/product\/10188\/revisions\/10994"}],"wp:featuredmedia":[{"embeddable":true,"href":"https:\/\/besamalzeme.com\/index.php?rest_route=\/wp\/v2\/media\/10993"}],"wp:attachment":[{"href":"https:\/\/besamalzeme.com\/index.php?rest_route=%2Fwp%2Fv2%2Fmedia&parent=10188"}],"wp:term":[{"taxonomy":"product_cat","embeddable":true,"href":"https:\/\/besamalzeme.com\/index.php?rest_route=%2Fwp%2Fv2%2Fproduct_cat&post=10188"},{"taxonomy":"product_tag","embeddable":true,"href":"https:\/\/besamalzeme.com\/index.php?rest_route=%2Fwp%2Fv2%2Fproduct_tag&post=10188"}],"curies":[{"name":"wp","href":"https:\/\/api.w.org\/{rel}","templated":true}]}}