{"id":10282,"date":"2025-08-21T10:45:06","date_gmt":"2025-08-21T10:45:06","guid":{"rendered":"https:\/\/besamalzeme.com\/?post_type=product&#038;p=10282"},"modified":"2026-03-14T10:48:48","modified_gmt":"2026-03-14T10:48:48","slug":"fitil-sekillendirici","status":"publish","type":"product","link":"https:\/\/besamalzeme.com\/?product=fitil-sekillendirici","title":{"rendered":"K\u00f6p\u00fck 5015 Fitil \u015eekillendirici"},"content":{"rendered":"<ul>\n<li data-start=\"12\" data-end=\"28\"><strong>K\u00f6p\u00fck 5015-030<\/strong><\/li>\n<li data-start=\"31\" data-end=\"47\"><strong>K\u00f6p\u00fck 5015-040<\/strong><\/li>\n<li data-start=\"50\" data-end=\"66\"><strong>K\u00f6p\u00fck 5015-050<\/strong><\/li>\n<li data-start=\"69\" data-end=\"85\"><strong>K\u00f6p\u00fck 5015-060<\/strong><\/li>\n<li data-start=\"88\" data-end=\"104\"><strong>K\u00f6p\u00fck 5015-080<\/strong><\/li>\n<\/ul>\n","protected":false},"excerpt":{"rendered":"<p>K\u00f6p\u00fck 5015-030 K\u00f6p\u00fck 5015-040 K\u00f6p\u00fck 5015-050 K\u00f6p\u00fck 5015-060 K\u00f6p\u00fck 5015-080<\/p>\n","protected":false},"featured_media":11074,"comment_status":"open","ping_status":"closed","template":"","meta":[],"product_cat":[144,20],"product_tag":[],"_links":{"self":[{"href":"https:\/\/besamalzeme.com\/index.php?rest_route=\/wp\/v2\/product\/10282"}],"collection":[{"href":"https:\/\/besamalzeme.com\/index.php?rest_route=\/wp\/v2\/product"}],"about":[{"href":"https:\/\/besamalzeme.com\/index.php?rest_route=\/wp\/v2\/types\/product"}],"replies":[{"embeddable":true,"href":"https:\/\/besamalzeme.com\/index.php?rest_route=%2Fwp%2Fv2%2Fcomments&post=10282"}],"version-history":[{"count":3,"href":"https:\/\/besamalzeme.com\/index.php?rest_route=\/wp\/v2\/product\/10282\/revisions"}],"predecessor-version":[{"id":11075,"href":"https:\/\/besamalzeme.com\/index.php?rest_route=\/wp\/v2\/product\/10282\/revisions\/11075"}],"wp:featuredmedia":[{"embeddable":true,"href":"https:\/\/besamalzeme.com\/index.php?rest_route=\/wp\/v2\/media\/11074"}],"wp:attachment":[{"href":"https:\/\/besamalzeme.com\/index.php?rest_route=%2Fwp%2Fv2%2Fmedia&parent=10282"}],"wp:term":[{"taxonomy":"product_cat","embeddable":true,"href":"https:\/\/besamalzeme.com\/index.php?rest_route=%2Fwp%2Fv2%2Fproduct_cat&post=10282"},{"taxonomy":"product_tag","embeddable":true,"href":"https:\/\/besamalzeme.com\/index.php?rest_route=%2Fwp%2Fv2%2Fproduct_tag&post=10282"}],"curies":[{"name":"wp","href":"https:\/\/api.w.org\/{rel}","templated":true}]}}