{"id":10284,"date":"2025-08-21T10:45:52","date_gmt":"2025-08-21T10:45:52","guid":{"rendered":"https:\/\/besamalzeme.com\/?post_type=product&#038;p=10284"},"modified":"2026-03-14T10:48:31","modified_gmt":"2026-03-14T10:48:31","slug":"fitil-sekillendirici-bs","status":"publish","type":"product","link":"https:\/\/besamalzeme.com\/?product=fitil-sekillendirici-bs","title":{"rendered":"K\u00f6p\u00fck 5015 Fitil \u015eekillendirici &#8211; Bs"},"content":{"rendered":"<ul>\n<li data-start=\"12\" data-end=\"31\"><strong>K\u00f6p\u00fck 5015-030 BS<\/strong><\/li>\n<li data-start=\"34\" data-end=\"53\"><strong>K\u00f6p\u00fck 5015-040 BS<\/strong><\/li>\n<li data-start=\"56\" data-end=\"75\"><strong>K\u00f6p\u00fck 5015-050 BS<\/strong><\/li>\n<li data-start=\"78\" data-end=\"97\"><strong>K\u00f6p\u00fck 5015-060 BS<\/strong><\/li>\n<li data-start=\"100\" data-end=\"119\"><strong>K\u00f6p\u00fck 5015-080 BS<\/strong><\/li>\n<\/ul>\n","protected":false},"excerpt":{"rendered":"<p>K\u00f6p\u00fck 5015-030 BS K\u00f6p\u00fck 5015-040 BS K\u00f6p\u00fck 5015-050 BS K\u00f6p\u00fck 5015-060 BS K\u00f6p\u00fck 5015-080 BS<\/p>\n","protected":false},"featured_media":11074,"comment_status":"open","ping_status":"closed","template":"","meta":[],"product_cat":[144,20],"product_tag":[],"_links":{"self":[{"href":"https:\/\/besamalzeme.com\/index.php?rest_route=\/wp\/v2\/product\/10284"}],"collection":[{"href":"https:\/\/besamalzeme.com\/index.php?rest_route=\/wp\/v2\/product"}],"about":[{"href":"https:\/\/besamalzeme.com\/index.php?rest_route=\/wp\/v2\/types\/product"}],"replies":[{"embeddable":true,"href":"https:\/\/besamalzeme.com\/index.php?rest_route=%2Fwp%2Fv2%2Fcomments&post=10284"}],"version-history":[{"count":2,"href":"https:\/\/besamalzeme.com\/index.php?rest_route=\/wp\/v2\/product\/10284\/revisions"}],"predecessor-version":[{"id":11076,"href":"https:\/\/besamalzeme.com\/index.php?rest_route=\/wp\/v2\/product\/10284\/revisions\/11076"}],"wp:featuredmedia":[{"embeddable":true,"href":"https:\/\/besamalzeme.com\/index.php?rest_route=\/wp\/v2\/media\/11074"}],"wp:attachment":[{"href":"https:\/\/besamalzeme.com\/index.php?rest_route=%2Fwp%2Fv2%2Fmedia&parent=10284"}],"wp:term":[{"taxonomy":"product_cat","embeddable":true,"href":"https:\/\/besamalzeme.com\/index.php?rest_route=%2Fwp%2Fv2%2Fproduct_cat&post=10284"},{"taxonomy":"product_tag","embeddable":true,"href":"https:\/\/besamalzeme.com\/index.php?rest_route=%2Fwp%2Fv2%2Fproduct_tag&post=10284"}],"curies":[{"name":"wp","href":"https:\/\/api.w.org\/{rel}","templated":true}]}}