{"id":10302,"date":"2025-08-21T10:53:30","date_gmt":"2025-08-21T10:53:30","guid":{"rendered":"https:\/\/besamalzeme.com\/?post_type=product&#038;p=10302"},"modified":"2026-03-14T13:27:34","modified_gmt":"2026-03-14T13:27:34","slug":"cekme-ignesi","status":"publish","type":"product","link":"https:\/\/besamalzeme.com\/?product=cekme-ignesi","title":{"rendered":"\u00c7ekme \u0130\u011fnesi"},"content":{"rendered":"<ul>\n<li><strong>Kapitone \u00c7ekme \u0130\u011fnesi Micron<\/strong><\/li>\n<\/ul>\n","protected":false},"excerpt":{"rendered":"<p>Kapitone \u00c7ekme \u0130\u011fnesi Micron<\/p>\n","protected":false},"featured_media":11490,"comment_status":"open","ping_status":"closed","template":"","meta":[],"product_cat":[150,32],"product_tag":[],"_links":{"self":[{"href":"https:\/\/besamalzeme.com\/index.php?rest_route=\/wp\/v2\/product\/10302"}],"collection":[{"href":"https:\/\/besamalzeme.com\/index.php?rest_route=\/wp\/v2\/product"}],"about":[{"href":"https:\/\/besamalzeme.com\/index.php?rest_route=\/wp\/v2\/types\/product"}],"replies":[{"embeddable":true,"href":"https:\/\/besamalzeme.com\/index.php?rest_route=%2Fwp%2Fv2%2Fcomments&post=10302"}],"version-history":[{"count":1,"href":"https:\/\/besamalzeme.com\/index.php?rest_route=\/wp\/v2\/product\/10302\/revisions"}],"predecessor-version":[{"id":10303,"href":"https:\/\/besamalzeme.com\/index.php?rest_route=\/wp\/v2\/product\/10302\/revisions\/10303"}],"wp:featuredmedia":[{"embeddable":true,"href":"https:\/\/besamalzeme.com\/index.php?rest_route=\/wp\/v2\/media\/11490"}],"wp:attachment":[{"href":"https:\/\/besamalzeme.com\/index.php?rest_route=%2Fwp%2Fv2%2Fmedia&parent=10302"}],"wp:term":[{"taxonomy":"product_cat","embeddable":true,"href":"https:\/\/besamalzeme.com\/index.php?rest_route=%2Fwp%2Fv2%2Fproduct_cat&post=10302"},{"taxonomy":"product_tag","embeddable":true,"href":"https:\/\/besamalzeme.com\/index.php?rest_route=%2Fwp%2Fv2%2Fproduct_tag&post=10302"}],"curies":[{"name":"wp","href":"https:\/\/api.w.org\/{rel}","templated":true}]}}