{"id":10345,"date":"2025-08-21T11:10:48","date_gmt":"2025-08-21T11:10:48","guid":{"rendered":"https:\/\/besamalzeme.com\/?post_type=product&#038;p=10345"},"modified":"2026-03-14T13:26:40","modified_gmt":"2026-03-14T13:26:40","slug":"kok-igne","status":"publish","type":"product","link":"https:\/\/besamalzeme.com\/?product=kok-igne","title":{"rendered":"K\u00f6k \u0130\u011fne 1. Kalite 35Cm"},"content":{"rendered":"<ul>\n<li><strong>K\u00f6k \u0130\u011fne 1. Kalite 35Cm<\/strong><\/li>\n<\/ul>\n","protected":false},"excerpt":{"rendered":"<p>K\u00f6k \u0130\u011fne 1. Kalite 35Cm<\/p>\n","protected":false},"featured_media":11135,"comment_status":"open","ping_status":"closed","template":"","meta":[],"product_cat":[150,32],"product_tag":[],"_links":{"self":[{"href":"https:\/\/besamalzeme.com\/index.php?rest_route=\/wp\/v2\/product\/10345"}],"collection":[{"href":"https:\/\/besamalzeme.com\/index.php?rest_route=\/wp\/v2\/product"}],"about":[{"href":"https:\/\/besamalzeme.com\/index.php?rest_route=\/wp\/v2\/types\/product"}],"replies":[{"embeddable":true,"href":"https:\/\/besamalzeme.com\/index.php?rest_route=%2Fwp%2Fv2%2Fcomments&post=10345"}],"version-history":[{"count":2,"href":"https:\/\/besamalzeme.com\/index.php?rest_route=\/wp\/v2\/product\/10345\/revisions"}],"predecessor-version":[{"id":11136,"href":"https:\/\/besamalzeme.com\/index.php?rest_route=\/wp\/v2\/product\/10345\/revisions\/11136"}],"wp:featuredmedia":[{"embeddable":true,"href":"https:\/\/besamalzeme.com\/index.php?rest_route=\/wp\/v2\/media\/11135"}],"wp:attachment":[{"href":"https:\/\/besamalzeme.com\/index.php?rest_route=%2Fwp%2Fv2%2Fmedia&parent=10345"}],"wp:term":[{"taxonomy":"product_cat","embeddable":true,"href":"https:\/\/besamalzeme.com\/index.php?rest_route=%2Fwp%2Fv2%2Fproduct_cat&post=10345"},{"taxonomy":"product_tag","embeddable":true,"href":"https:\/\/besamalzeme.com\/index.php?rest_route=%2Fwp%2Fv2%2Fproduct_tag&post=10345"}],"curies":[{"name":"wp","href":"https:\/\/api.w.org\/{rel}","templated":true}]}}