{"id":10373,"date":"2025-08-25T10:40:49","date_gmt":"2025-08-25T10:40:49","guid":{"rendered":"https:\/\/besamalzeme.com\/?post_type=product&#038;p=10373"},"modified":"2026-04-04T08:46:56","modified_gmt":"2026-04-04T08:46:56","slug":"kol-ve-sirt-2215-l24-genis","status":"publish","type":"product","link":"https:\/\/besamalzeme.com\/?product=kol-ve-sirt-2215-l24-genis","title":{"rendered":"Kol Ve S\u0131rt 2215-L24 Geni\u015f"},"content":{"rendered":"<ul>\n<li><strong data-start=\"19\" data-end=\"49\">Kol Ve S\u0131rt 2215-L24 Geni\u015f<\/strong><\/li>\n<li><strong data-start=\"52\" data-end=\"82\" data-is-last-node=\"\">Kol Ve S\u0131rt 2215-L40 Geni\u015f<\/strong><\/li>\n<\/ul>\n","protected":false},"excerpt":{"rendered":"<p>Kol Ve S\u0131rt 2215-L24 Geni\u015f Kol Ve S\u0131rt 2215-L40 Geni\u015f<\/p>\n","protected":false},"featured_media":11671,"comment_status":"open","ping_status":"closed","template":"","meta":[],"product_cat":[165,164],"product_tag":[],"_links":{"self":[{"href":"https:\/\/besamalzeme.com\/index.php?rest_route=\/wp\/v2\/product\/10373"}],"collection":[{"href":"https:\/\/besamalzeme.com\/index.php?rest_route=\/wp\/v2\/product"}],"about":[{"href":"https:\/\/besamalzeme.com\/index.php?rest_route=\/wp\/v2\/types\/product"}],"replies":[{"embeddable":true,"href":"https:\/\/besamalzeme.com\/index.php?rest_route=%2Fwp%2Fv2%2Fcomments&post=10373"}],"version-history":[{"count":1,"href":"https:\/\/besamalzeme.com\/index.php?rest_route=\/wp\/v2\/product\/10373\/revisions"}],"predecessor-version":[{"id":10374,"href":"https:\/\/besamalzeme.com\/index.php?rest_route=\/wp\/v2\/product\/10373\/revisions\/10374"}],"wp:featuredmedia":[{"embeddable":true,"href":"https:\/\/besamalzeme.com\/index.php?rest_route=\/wp\/v2\/media\/11671"}],"wp:attachment":[{"href":"https:\/\/besamalzeme.com\/index.php?rest_route=%2Fwp%2Fv2%2Fmedia&parent=10373"}],"wp:term":[{"taxonomy":"product_cat","embeddable":true,"href":"https:\/\/besamalzeme.com\/index.php?rest_route=%2Fwp%2Fv2%2Fproduct_cat&post=10373"},{"taxonomy":"product_tag","embeddable":true,"href":"https:\/\/besamalzeme.com\/index.php?rest_route=%2Fwp%2Fv2%2Fproduct_tag&post=10373"}],"curies":[{"name":"wp","href":"https:\/\/api.w.org\/{rel}","templated":true}]}}