{"id":10383,"date":"2025-08-25T10:43:54","date_gmt":"2025-08-25T10:43:54","guid":{"rendered":"https:\/\/besamalzeme.com\/?post_type=product&#038;p=10383"},"modified":"2026-03-14T12:53:43","modified_gmt":"2026-03-14T12:53:43","slug":"kol-ve-sirt-ciftli-22cm-bs","status":"publish","type":"product","link":"https:\/\/besamalzeme.com\/?product=kol-ve-sirt-ciftli-22cm-bs","title":{"rendered":"Kol Ve S\u0131rt \u00c7iftli 22cm Bs"},"content":{"rendered":"<ul>\n<li data-start=\"138\" data-end=\"170\"><strong>Kol Ve S\u0131rt \u00c7iftli 22cm Bs<\/strong><\/li>\n<li data-start=\"173\" data-end=\"203\"><strong>Kol Ve S\u0131rt \u00c7iftli 26cm Bs<\/strong><\/li>\n<\/ul>\n","protected":false},"excerpt":{"rendered":"<p>Kol Ve S\u0131rt \u00c7iftli 22cm Bs Kol Ve S\u0131rt \u00c7iftli 26cm Bs<\/p>\n","protected":false},"featured_media":0,"comment_status":"open","ping_status":"closed","template":"","meta":[],"product_cat":[165,164],"product_tag":[],"_links":{"self":[{"href":"https:\/\/besamalzeme.com\/index.php?rest_route=\/wp\/v2\/product\/10383"}],"collection":[{"href":"https:\/\/besamalzeme.com\/index.php?rest_route=\/wp\/v2\/product"}],"about":[{"href":"https:\/\/besamalzeme.com\/index.php?rest_route=\/wp\/v2\/types\/product"}],"replies":[{"embeddable":true,"href":"https:\/\/besamalzeme.com\/index.php?rest_route=%2Fwp%2Fv2%2Fcomments&post=10383"}],"version-history":[{"count":2,"href":"https:\/\/besamalzeme.com\/index.php?rest_route=\/wp\/v2\/product\/10383\/revisions"}],"predecessor-version":[{"id":10480,"href":"https:\/\/besamalzeme.com\/index.php?rest_route=\/wp\/v2\/product\/10383\/revisions\/10480"}],"wp:attachment":[{"href":"https:\/\/besamalzeme.com\/index.php?rest_route=%2Fwp%2Fv2%2Fmedia&parent=10383"}],"wp:term":[{"taxonomy":"product_cat","embeddable":true,"href":"https:\/\/besamalzeme.com\/index.php?rest_route=%2Fwp%2Fv2%2Fproduct_cat&post=10383"},{"taxonomy":"product_tag","embeddable":true,"href":"https:\/\/besamalzeme.com\/index.php?rest_route=%2Fwp%2Fv2%2Fproduct_tag&post=10383"}],"curies":[{"name":"wp","href":"https:\/\/api.w.org\/{rel}","templated":true}]}}