{"id":10524,"date":"2025-08-25T11:50:18","date_gmt":"2025-08-25T11:50:18","guid":{"rendered":"https:\/\/besamalzeme.com\/?post_type=product&#038;p=10524"},"modified":"2026-03-14T10:47:06","modified_gmt":"2026-03-14T10:47:06","slug":"kaytan-luks","status":"publish","type":"product","link":"https:\/\/besamalzeme.com\/?product=kaytan-luks","title":{"rendered":"Kaytan L\u00fcks"},"content":{"rendered":"<ul>\n<li data-start=\"21\" data-end=\"36\"><strong data-start=\"21\" data-end=\"34\">No:4 L\u00fcks<\/strong><\/li>\n<li data-start=\"39\" data-end=\"54\"><strong data-start=\"39\" data-end=\"52\">No:6 L\u00fcks<\/strong><\/li>\n<li data-start=\"57\" data-end=\"72\"><strong data-start=\"57\" data-end=\"70\">No:8 L\u00fcks<\/strong><\/li>\n<li data-start=\"75\" data-end=\"91\"><strong data-start=\"75\" data-end=\"89\">No:10 L\u00fcks<\/strong><\/li>\n<li data-start=\"94\" data-end=\"110\"><strong data-start=\"94\" data-end=\"108\">No:14 L\u00fcks<\/strong><\/li>\n<li data-start=\"113\" data-end=\"127\"><strong data-start=\"113\" data-end=\"127\" data-is-last-node=\"\">No:20 L\u00fcks<\/strong><\/li>\n<\/ul>\n","protected":false},"excerpt":{"rendered":"<p>No:4 L\u00fcks No:6 L\u00fcks No:8 L\u00fcks No:10 L\u00fcks No:14 L\u00fcks No:20 L\u00fcks<\/p>\n","protected":false},"featured_media":11195,"comment_status":"open","ping_status":"closed","template":"","meta":[],"product_cat":[144,20],"product_tag":[],"_links":{"self":[{"href":"https:\/\/besamalzeme.com\/index.php?rest_route=\/wp\/v2\/product\/10524"}],"collection":[{"href":"https:\/\/besamalzeme.com\/index.php?rest_route=\/wp\/v2\/product"}],"about":[{"href":"https:\/\/besamalzeme.com\/index.php?rest_route=\/wp\/v2\/types\/product"}],"replies":[{"embeddable":true,"href":"https:\/\/besamalzeme.com\/index.php?rest_route=%2Fwp%2Fv2%2Fcomments&post=10524"}],"version-history":[{"count":1,"href":"https:\/\/besamalzeme.com\/index.php?rest_route=\/wp\/v2\/product\/10524\/revisions"}],"predecessor-version":[{"id":10525,"href":"https:\/\/besamalzeme.com\/index.php?rest_route=\/wp\/v2\/product\/10524\/revisions\/10525"}],"wp:featuredmedia":[{"embeddable":true,"href":"https:\/\/besamalzeme.com\/index.php?rest_route=\/wp\/v2\/media\/11195"}],"wp:attachment":[{"href":"https:\/\/besamalzeme.com\/index.php?rest_route=%2Fwp%2Fv2%2Fmedia&parent=10524"}],"wp:term":[{"taxonomy":"product_cat","embeddable":true,"href":"https:\/\/besamalzeme.com\/index.php?rest_route=%2Fwp%2Fv2%2Fproduct_cat&post=10524"},{"taxonomy":"product_tag","embeddable":true,"href":"https:\/\/besamalzeme.com\/index.php?rest_route=%2Fwp%2Fv2%2Fproduct_tag&post=10524"}],"curies":[{"name":"wp","href":"https:\/\/api.w.org\/{rel}","templated":true}]}}