{"id":10628,"date":"2025-08-25T12:35:12","date_gmt":"2025-08-25T12:35:12","guid":{"rendered":"https:\/\/besamalzeme.com\/?post_type=product&#038;p=10628"},"modified":"2026-04-04T06:45:44","modified_gmt":"2026-04-04T06:45:44","slug":"profil-sekillendirici-bs","status":"publish","type":"product","link":"https:\/\/besamalzeme.com\/?product=profil-sekillendirici-bs","title":{"rendered":"Profil \u015eekillendirici &#8211; Bs"},"content":{"rendered":"<ul>\n<li data-start=\"44\" data-end=\"58\"><strong>K\u00f6p\u00fck 200 Bs<\/strong><\/li>\n<li data-start=\"61\" data-end=\"75\"><strong>K\u00f6p\u00fck 140 Bs<\/strong><\/li>\n<li data-start=\"78\" data-end=\"92\"><strong>K\u00f6p\u00fck 120 Bs<\/strong><\/li>\n<li data-start=\"95\" data-end=\"109\"><strong>K\u00f6p\u00fck 080 Bs<\/strong><\/li>\n<li data-start=\"112\" data-end=\"126\"><strong>K\u00f6p\u00fck 060 Bs<\/strong><\/li>\n<\/ul>\n","protected":false},"excerpt":{"rendered":"<p>K\u00f6p\u00fck 200 Bs K\u00f6p\u00fck 140 Bs K\u00f6p\u00fck 120 Bs K\u00f6p\u00fck 080 Bs K\u00f6p\u00fck 060 Bs<\/p>\n","protected":false},"featured_media":11646,"comment_status":"open","ping_status":"closed","template":"","meta":[],"product_cat":[144,20],"product_tag":[],"_links":{"self":[{"href":"https:\/\/besamalzeme.com\/index.php?rest_route=\/wp\/v2\/product\/10628"}],"collection":[{"href":"https:\/\/besamalzeme.com\/index.php?rest_route=\/wp\/v2\/product"}],"about":[{"href":"https:\/\/besamalzeme.com\/index.php?rest_route=\/wp\/v2\/types\/product"}],"replies":[{"embeddable":true,"href":"https:\/\/besamalzeme.com\/index.php?rest_route=%2Fwp%2Fv2%2Fcomments&post=10628"}],"version-history":[{"count":2,"href":"https:\/\/besamalzeme.com\/index.php?rest_route=\/wp\/v2\/product\/10628\/revisions"}],"predecessor-version":[{"id":11647,"href":"https:\/\/besamalzeme.com\/index.php?rest_route=\/wp\/v2\/product\/10628\/revisions\/11647"}],"wp:featuredmedia":[{"embeddable":true,"href":"https:\/\/besamalzeme.com\/index.php?rest_route=\/wp\/v2\/media\/11646"}],"wp:attachment":[{"href":"https:\/\/besamalzeme.com\/index.php?rest_route=%2Fwp%2Fv2%2Fmedia&parent=10628"}],"wp:term":[{"taxonomy":"product_cat","embeddable":true,"href":"https:\/\/besamalzeme.com\/index.php?rest_route=%2Fwp%2Fv2%2Fproduct_cat&post=10628"},{"taxonomy":"product_tag","embeddable":true,"href":"https:\/\/besamalzeme.com\/index.php?rest_route=%2Fwp%2Fv2%2Fproduct_tag&post=10628"}],"curies":[{"name":"wp","href":"https:\/\/api.w.org\/{rel}","templated":true}]}}