{"id":10700,"date":"2025-08-25T13:13:01","date_gmt":"2025-08-25T13:13:01","guid":{"rendered":"https:\/\/besamalzeme.com\/?post_type=product&#038;p=10700"},"modified":"2026-03-14T11:35:43","modified_gmt":"2026-03-14T11:35:43","slug":"vidalama-ucu-allen-tomax","status":"publish","type":"product","link":"https:\/\/besamalzeme.com\/?product=vidalama-ucu-allen-tomax","title":{"rendered":"Vidalama Ucu &#8211; Allen Tomax"},"content":{"rendered":"<ul>\n<li data-start=\"44\" data-end=\"76\"><strong>Hex 4*50mm Bits U\u00e7 Allen Tomax<\/strong><\/li>\n<li data-start=\"79\" data-end=\"111\"><strong>Hex 5*50mm Bits U\u00e7 Allen Tomax<\/strong><\/li>\n<li data-start=\"114\" data-end=\"146\"><strong>Hex 6*50mm Bits U\u00e7 Allen Tomax<\/strong><\/li>\n<\/ul>\n","protected":false},"excerpt":{"rendered":"<p>Hex 4*50mm Bits U\u00e7 Allen Tomax Hex 5*50mm Bits U\u00e7 Allen Tomax Hex 6*50mm Bits U\u00e7 Allen Tomax<\/p>\n","protected":false},"featured_media":11333,"comment_status":"open","ping_status":"closed","template":"","meta":[],"product_cat":[156,28],"product_tag":[],"_links":{"self":[{"href":"https:\/\/besamalzeme.com\/index.php?rest_route=\/wp\/v2\/product\/10700"}],"collection":[{"href":"https:\/\/besamalzeme.com\/index.php?rest_route=\/wp\/v2\/product"}],"about":[{"href":"https:\/\/besamalzeme.com\/index.php?rest_route=\/wp\/v2\/types\/product"}],"replies":[{"embeddable":true,"href":"https:\/\/besamalzeme.com\/index.php?rest_route=%2Fwp%2Fv2%2Fcomments&post=10700"}],"version-history":[{"count":1,"href":"https:\/\/besamalzeme.com\/index.php?rest_route=\/wp\/v2\/product\/10700\/revisions"}],"predecessor-version":[{"id":10701,"href":"https:\/\/besamalzeme.com\/index.php?rest_route=\/wp\/v2\/product\/10700\/revisions\/10701"}],"wp:featuredmedia":[{"embeddable":true,"href":"https:\/\/besamalzeme.com\/index.php?rest_route=\/wp\/v2\/media\/11333"}],"wp:attachment":[{"href":"https:\/\/besamalzeme.com\/index.php?rest_route=%2Fwp%2Fv2%2Fmedia&parent=10700"}],"wp:term":[{"taxonomy":"product_cat","embeddable":true,"href":"https:\/\/besamalzeme.com\/index.php?rest_route=%2Fwp%2Fv2%2Fproduct_cat&post=10700"},{"taxonomy":"product_tag","embeddable":true,"href":"https:\/\/besamalzeme.com\/index.php?rest_route=%2Fwp%2Fv2%2Fproduct_tag&post=10700"}],"curies":[{"name":"wp","href":"https:\/\/api.w.org\/{rel}","templated":true}]}}