{"id":10708,"date":"2025-08-25T13:16:27","date_gmt":"2025-08-25T13:16:27","guid":{"rendered":"https:\/\/besamalzeme.com\/?post_type=product&#038;p=10708"},"modified":"2026-03-14T12:09:23","modified_gmt":"2026-03-14T12:09:23","slug":"patik-yapiskanli-kece","status":"publish","type":"product","link":"https:\/\/besamalzeme.com\/?product=patik-yapiskanli-kece","title":{"rendered":"Patik Yap\u0131\u015fkanl\u0131 Ke\u00e7e"},"content":{"rendered":"<ul>\n<li><strong>Patik Yap\u0131\u015fkanl\u0131 Ke\u00e7e 20mm*20mm Kare<\/strong><\/li>\n<li data-start=\"85\" data-end=\"123\"><strong>Patik Yap\u0131\u015fkanl\u0131 Ke\u00e7e 25mm*25mm Kare<\/strong><\/li>\n<li data-start=\"126\" data-end=\"163\"><strong>Patik Yap\u0131\u015fkanl\u0131 Ke\u00e7e 20mm Yuvarlak<\/strong><\/li>\n<li data-start=\"166\" data-end=\"203\"><strong>Patik Yap\u0131\u015fkanl\u0131 Ke\u00e7e 24mm Yuvarlak<\/strong><\/li>\n<li data-start=\"206\" data-end=\"243\"><strong>Patik Yap\u0131\u015fkanl\u0131 Ke\u00e7e 55mm Yuvarlak<\/strong><\/li>\n<\/ul>\n","protected":false},"excerpt":{"rendered":"<p>Patik Yap\u0131\u015fkanl\u0131 Ke\u00e7e 20mm*20mm Kare Patik Yap\u0131\u015fkanl\u0131 Ke\u00e7e 25mm*25mm Kare Patik Yap\u0131\u015fkanl\u0131 Ke\u00e7e 20mm Yuvarlak Patik Yap\u0131\u015fkanl\u0131 Ke\u00e7e 24mm Yuvarlak<\/p>\n","protected":false},"featured_media":11339,"comment_status":"open","ping_status":"closed","template":"","meta":[],"product_cat":[159,28],"product_tag":[],"_links":{"self":[{"href":"https:\/\/besamalzeme.com\/index.php?rest_route=\/wp\/v2\/product\/10708"}],"collection":[{"href":"https:\/\/besamalzeme.com\/index.php?rest_route=\/wp\/v2\/product"}],"about":[{"href":"https:\/\/besamalzeme.com\/index.php?rest_route=\/wp\/v2\/types\/product"}],"replies":[{"embeddable":true,"href":"https:\/\/besamalzeme.com\/index.php?rest_route=%2Fwp%2Fv2%2Fcomments&post=10708"}],"version-history":[{"count":1,"href":"https:\/\/besamalzeme.com\/index.php?rest_route=\/wp\/v2\/product\/10708\/revisions"}],"predecessor-version":[{"id":10709,"href":"https:\/\/besamalzeme.com\/index.php?rest_route=\/wp\/v2\/product\/10708\/revisions\/10709"}],"wp:featuredmedia":[{"embeddable":true,"href":"https:\/\/besamalzeme.com\/index.php?rest_route=\/wp\/v2\/media\/11339"}],"wp:attachment":[{"href":"https:\/\/besamalzeme.com\/index.php?rest_route=%2Fwp%2Fv2%2Fmedia&parent=10708"}],"wp:term":[{"taxonomy":"product_cat","embeddable":true,"href":"https:\/\/besamalzeme.com\/index.php?rest_route=%2Fwp%2Fv2%2Fproduct_cat&post=10708"},{"taxonomy":"product_tag","embeddable":true,"href":"https:\/\/besamalzeme.com\/index.php?rest_route=%2Fwp%2Fv2%2Fproduct_tag&post=10708"}],"curies":[{"name":"wp","href":"https:\/\/api.w.org\/{rel}","templated":true}]}}