{"id":10734,"date":"2025-08-25T13:23:59","date_gmt":"2025-08-25T13:23:59","guid":{"rendered":"https:\/\/besamalzeme.com\/?post_type=product&#038;p=10734"},"modified":"2026-03-14T12:07:57","modified_gmt":"2026-03-14T12:07:57","slug":"doseme-fitili-dikis-teli","status":"publish","type":"product","link":"https:\/\/besamalzeme.com\/?product=doseme-fitili-dikis-teli","title":{"rendered":"D\u00f6\u015feme Fitili Diki\u015f Teli"},"content":{"rendered":"<ul>\n<li><strong>D\u00f6\u015feme Fitili Diki\u015f Teli<\/strong><\/li>\n<\/ul>\n","protected":false},"excerpt":{"rendered":"<p>D\u00f6\u015feme Fitili Diki\u015f Teli<\/p>\n","protected":false},"featured_media":11358,"comment_status":"open","ping_status":"closed","template":"","meta":[],"product_cat":[159,28],"product_tag":[],"_links":{"self":[{"href":"https:\/\/besamalzeme.com\/index.php?rest_route=\/wp\/v2\/product\/10734"}],"collection":[{"href":"https:\/\/besamalzeme.com\/index.php?rest_route=\/wp\/v2\/product"}],"about":[{"href":"https:\/\/besamalzeme.com\/index.php?rest_route=\/wp\/v2\/types\/product"}],"replies":[{"embeddable":true,"href":"https:\/\/besamalzeme.com\/index.php?rest_route=%2Fwp%2Fv2%2Fcomments&post=10734"}],"version-history":[{"count":1,"href":"https:\/\/besamalzeme.com\/index.php?rest_route=\/wp\/v2\/product\/10734\/revisions"}],"predecessor-version":[{"id":10735,"href":"https:\/\/besamalzeme.com\/index.php?rest_route=\/wp\/v2\/product\/10734\/revisions\/10735"}],"wp:featuredmedia":[{"embeddable":true,"href":"https:\/\/besamalzeme.com\/index.php?rest_route=\/wp\/v2\/media\/11358"}],"wp:attachment":[{"href":"https:\/\/besamalzeme.com\/index.php?rest_route=%2Fwp%2Fv2%2Fmedia&parent=10734"}],"wp:term":[{"taxonomy":"product_cat","embeddable":true,"href":"https:\/\/besamalzeme.com\/index.php?rest_route=%2Fwp%2Fv2%2Fproduct_cat&post=10734"},{"taxonomy":"product_tag","embeddable":true,"href":"https:\/\/besamalzeme.com\/index.php?rest_route=%2Fwp%2Fv2%2Fproduct_tag&post=10734"}],"curies":[{"name":"wp","href":"https:\/\/api.w.org\/{rel}","templated":true}]}}