{"id":10742,"date":"2025-08-25T13:26:08","date_gmt":"2025-08-25T13:26:08","guid":{"rendered":"https:\/\/besamalzeme.com\/?post_type=product&#038;p=10742"},"modified":"2026-03-14T12:07:26","modified_gmt":"2026-03-14T12:07:26","slug":"supurge-sapsiz-cali","status":"publish","type":"product","link":"https:\/\/besamalzeme.com\/?product=supurge-sapsiz-cali","title":{"rendered":"S\u00fcp\u00fcrge Saps\u0131z \u00c7al\u0131"},"content":{"rendered":"<ul>\n<li><strong>S\u00fcp\u00fcrge Saps\u0131z \u00c7al\u0131<\/strong><\/li>\n<\/ul>\n","protected":false},"excerpt":{"rendered":"<p>S\u00fcp\u00fcrge Saps\u0131z \u00c7al\u0131<\/p>\n","protected":false},"featured_media":11364,"comment_status":"open","ping_status":"closed","template":"","meta":[],"product_cat":[159,28],"product_tag":[],"_links":{"self":[{"href":"https:\/\/besamalzeme.com\/index.php?rest_route=\/wp\/v2\/product\/10742"}],"collection":[{"href":"https:\/\/besamalzeme.com\/index.php?rest_route=\/wp\/v2\/product"}],"about":[{"href":"https:\/\/besamalzeme.com\/index.php?rest_route=\/wp\/v2\/types\/product"}],"replies":[{"embeddable":true,"href":"https:\/\/besamalzeme.com\/index.php?rest_route=%2Fwp%2Fv2%2Fcomments&post=10742"}],"version-history":[{"count":1,"href":"https:\/\/besamalzeme.com\/index.php?rest_route=\/wp\/v2\/product\/10742\/revisions"}],"predecessor-version":[{"id":10743,"href":"https:\/\/besamalzeme.com\/index.php?rest_route=\/wp\/v2\/product\/10742\/revisions\/10743"}],"wp:featuredmedia":[{"embeddable":true,"href":"https:\/\/besamalzeme.com\/index.php?rest_route=\/wp\/v2\/media\/11364"}],"wp:attachment":[{"href":"https:\/\/besamalzeme.com\/index.php?rest_route=%2Fwp%2Fv2%2Fmedia&parent=10742"}],"wp:term":[{"taxonomy":"product_cat","embeddable":true,"href":"https:\/\/besamalzeme.com\/index.php?rest_route=%2Fwp%2Fv2%2Fproduct_cat&post=10742"},{"taxonomy":"product_tag","embeddable":true,"href":"https:\/\/besamalzeme.com\/index.php?rest_route=%2Fwp%2Fv2%2Fproduct_tag&post=10742"}],"curies":[{"name":"wp","href":"https:\/\/api.w.org\/{rel}","templated":true}]}}