{"id":10744,"date":"2025-08-25T13:26:55","date_gmt":"2025-08-25T13:26:55","guid":{"rendered":"https:\/\/besamalzeme.com\/?post_type=product&#038;p=10744"},"modified":"2026-03-14T12:07:18","modified_gmt":"2026-03-14T12:07:18","slug":"firca-yagli","status":"publish","type":"product","link":"https:\/\/besamalzeme.com\/?product=firca-yagli","title":{"rendered":"F\u0131r\u00e7a &#8211; Ya\u011fl\u0131"},"content":{"rendered":"<ul>\n<li><strong>F\u0131r\u00e7a Ya\u011fl\u0131 No:2<\/strong><\/li>\n<li><strong>F\u0131r\u00e7a Ya\u011fl\u0131 No:1,5<\/strong><\/li>\n<li><strong>F\u0131r\u00e7a Ya\u011fl\u0131 No:3<\/strong><\/li>\n<\/ul>\n","protected":false},"excerpt":{"rendered":"<p>F\u0131r\u00e7a Ya\u011fl\u0131 No:2 F\u0131r\u00e7a Ya\u011fl\u0131 No:1,5 F\u0131r\u00e7a Ya\u011fl\u0131 No:3<\/p>\n","protected":false},"featured_media":11365,"comment_status":"open","ping_status":"closed","template":"","meta":[],"product_cat":[159,28],"product_tag":[],"_links":{"self":[{"href":"https:\/\/besamalzeme.com\/index.php?rest_route=\/wp\/v2\/product\/10744"}],"collection":[{"href":"https:\/\/besamalzeme.com\/index.php?rest_route=\/wp\/v2\/product"}],"about":[{"href":"https:\/\/besamalzeme.com\/index.php?rest_route=\/wp\/v2\/types\/product"}],"replies":[{"embeddable":true,"href":"https:\/\/besamalzeme.com\/index.php?rest_route=%2Fwp%2Fv2%2Fcomments&post=10744"}],"version-history":[{"count":1,"href":"https:\/\/besamalzeme.com\/index.php?rest_route=\/wp\/v2\/product\/10744\/revisions"}],"predecessor-version":[{"id":10745,"href":"https:\/\/besamalzeme.com\/index.php?rest_route=\/wp\/v2\/product\/10744\/revisions\/10745"}],"wp:featuredmedia":[{"embeddable":true,"href":"https:\/\/besamalzeme.com\/index.php?rest_route=\/wp\/v2\/media\/11365"}],"wp:attachment":[{"href":"https:\/\/besamalzeme.com\/index.php?rest_route=%2Fwp%2Fv2%2Fmedia&parent=10744"}],"wp:term":[{"taxonomy":"product_cat","embeddable":true,"href":"https:\/\/besamalzeme.com\/index.php?rest_route=%2Fwp%2Fv2%2Fproduct_cat&post=10744"},{"taxonomy":"product_tag","embeddable":true,"href":"https:\/\/besamalzeme.com\/index.php?rest_route=%2Fwp%2Fv2%2Fproduct_tag&post=10744"}],"curies":[{"name":"wp","href":"https:\/\/api.w.org\/{rel}","templated":true}]}}