{"id":10748,"date":"2025-08-25T13:28:00","date_gmt":"2025-08-25T13:28:00","guid":{"rendered":"https:\/\/besamalzeme.com\/?post_type=product&#038;p=10748"},"modified":"2026-03-14T12:06:58","modified_gmt":"2026-03-14T12:06:58","slug":"firca-cali","status":"publish","type":"product","link":"https:\/\/besamalzeme.com\/?product=firca-cali","title":{"rendered":"F\u0131r\u00e7a &#8211; \u00c7al\u0131"},"content":{"rendered":"<ul>\n<li><strong>F\u0131r\u00e7a \u00c7al\u0131 Sert 40cm<\/strong><\/li>\n<\/ul>\n","protected":false},"excerpt":{"rendered":"<p>F\u0131r\u00e7a \u00c7al\u0131 Sert 40cm<\/p>\n","protected":false},"featured_media":11368,"comment_status":"open","ping_status":"closed","template":"","meta":[],"product_cat":[159,28],"product_tag":[],"_links":{"self":[{"href":"https:\/\/besamalzeme.com\/index.php?rest_route=\/wp\/v2\/product\/10748"}],"collection":[{"href":"https:\/\/besamalzeme.com\/index.php?rest_route=\/wp\/v2\/product"}],"about":[{"href":"https:\/\/besamalzeme.com\/index.php?rest_route=\/wp\/v2\/types\/product"}],"replies":[{"embeddable":true,"href":"https:\/\/besamalzeme.com\/index.php?rest_route=%2Fwp%2Fv2%2Fcomments&post=10748"}],"version-history":[{"count":2,"href":"https:\/\/besamalzeme.com\/index.php?rest_route=\/wp\/v2\/product\/10748\/revisions"}],"predecessor-version":[{"id":11367,"href":"https:\/\/besamalzeme.com\/index.php?rest_route=\/wp\/v2\/product\/10748\/revisions\/11367"}],"wp:featuredmedia":[{"embeddable":true,"href":"https:\/\/besamalzeme.com\/index.php?rest_route=\/wp\/v2\/media\/11368"}],"wp:attachment":[{"href":"https:\/\/besamalzeme.com\/index.php?rest_route=%2Fwp%2Fv2%2Fmedia&parent=10748"}],"wp:term":[{"taxonomy":"product_cat","embeddable":true,"href":"https:\/\/besamalzeme.com\/index.php?rest_route=%2Fwp%2Fv2%2Fproduct_cat&post=10748"},{"taxonomy":"product_tag","embeddable":true,"href":"https:\/\/besamalzeme.com\/index.php?rest_route=%2Fwp%2Fv2%2Fproduct_tag&post=10748"}],"curies":[{"name":"wp","href":"https:\/\/api.w.org\/{rel}","templated":true}]}}