{"id":10750,"date":"2025-08-25T13:28:33","date_gmt":"2025-08-25T13:28:33","guid":{"rendered":"https:\/\/besamalzeme.com\/?post_type=product&#038;p=10750"},"modified":"2026-03-14T12:06:49","modified_gmt":"2026-03-14T12:06:49","slug":"firca-sapi","status":"publish","type":"product","link":"https:\/\/besamalzeme.com\/?product=firca-sapi","title":{"rendered":"F\u0131r\u00e7a Sap\u0131"},"content":{"rendered":"<ul>\n<li><strong>F\u0131r\u00e7a Sap\u0131 Oto 120cm G\u00fcrgen<\/strong><\/li>\n<\/ul>\n","protected":false},"excerpt":{"rendered":"<p>F\u0131r\u00e7a Sap\u0131 Oto 120cm G\u00fcrgen<\/p>\n","protected":false},"featured_media":11369,"comment_status":"open","ping_status":"closed","template":"","meta":[],"product_cat":[159,28],"product_tag":[],"_links":{"self":[{"href":"https:\/\/besamalzeme.com\/index.php?rest_route=\/wp\/v2\/product\/10750"}],"collection":[{"href":"https:\/\/besamalzeme.com\/index.php?rest_route=\/wp\/v2\/product"}],"about":[{"href":"https:\/\/besamalzeme.com\/index.php?rest_route=\/wp\/v2\/types\/product"}],"replies":[{"embeddable":true,"href":"https:\/\/besamalzeme.com\/index.php?rest_route=%2Fwp%2Fv2%2Fcomments&post=10750"}],"version-history":[{"count":1,"href":"https:\/\/besamalzeme.com\/index.php?rest_route=\/wp\/v2\/product\/10750\/revisions"}],"predecessor-version":[{"id":10751,"href":"https:\/\/besamalzeme.com\/index.php?rest_route=\/wp\/v2\/product\/10750\/revisions\/10751"}],"wp:featuredmedia":[{"embeddable":true,"href":"https:\/\/besamalzeme.com\/index.php?rest_route=\/wp\/v2\/media\/11369"}],"wp:attachment":[{"href":"https:\/\/besamalzeme.com\/index.php?rest_route=%2Fwp%2Fv2%2Fmedia&parent=10750"}],"wp:term":[{"taxonomy":"product_cat","embeddable":true,"href":"https:\/\/besamalzeme.com\/index.php?rest_route=%2Fwp%2Fv2%2Fproduct_cat&post=10750"},{"taxonomy":"product_tag","embeddable":true,"href":"https:\/\/besamalzeme.com\/index.php?rest_route=%2Fwp%2Fv2%2Fproduct_tag&post=10750"}],"curies":[{"name":"wp","href":"https:\/\/api.w.org\/{rel}","templated":true}]}}