{"id":10756,"date":"2025-08-25T13:30:17","date_gmt":"2025-08-25T13:30:17","guid":{"rendered":"https:\/\/besamalzeme.com\/?post_type=product&#038;p=10756"},"modified":"2026-03-14T12:06:29","modified_gmt":"2026-03-14T12:06:29","slug":"is-gozlugu","status":"publish","type":"product","link":"https:\/\/besamalzeme.com\/?product=is-gozlugu","title":{"rendered":"\u0130\u015f G\u00f6zl\u00fc\u011f\u00fc"},"content":{"rendered":"<ul>\n<li><strong>\u0130\u015f G\u00f6zl\u00fc\u011f\u00fc S400 \u015eeffaf Self Inn<\/strong><\/li>\n<\/ul>\n","protected":false},"excerpt":{"rendered":"<p>\u0130\u015f G\u00f6zl\u00fc\u011f\u00fc S400 \u015eeffaf Self Inn<\/p>\n","protected":false},"featured_media":11372,"comment_status":"open","ping_status":"closed","template":"","meta":[],"product_cat":[159,28],"product_tag":[],"_links":{"self":[{"href":"https:\/\/besamalzeme.com\/index.php?rest_route=\/wp\/v2\/product\/10756"}],"collection":[{"href":"https:\/\/besamalzeme.com\/index.php?rest_route=\/wp\/v2\/product"}],"about":[{"href":"https:\/\/besamalzeme.com\/index.php?rest_route=\/wp\/v2\/types\/product"}],"replies":[{"embeddable":true,"href":"https:\/\/besamalzeme.com\/index.php?rest_route=%2Fwp%2Fv2%2Fcomments&post=10756"}],"version-history":[{"count":1,"href":"https:\/\/besamalzeme.com\/index.php?rest_route=\/wp\/v2\/product\/10756\/revisions"}],"predecessor-version":[{"id":10757,"href":"https:\/\/besamalzeme.com\/index.php?rest_route=\/wp\/v2\/product\/10756\/revisions\/10757"}],"wp:featuredmedia":[{"embeddable":true,"href":"https:\/\/besamalzeme.com\/index.php?rest_route=\/wp\/v2\/media\/11372"}],"wp:attachment":[{"href":"https:\/\/besamalzeme.com\/index.php?rest_route=%2Fwp%2Fv2%2Fmedia&parent=10756"}],"wp:term":[{"taxonomy":"product_cat","embeddable":true,"href":"https:\/\/besamalzeme.com\/index.php?rest_route=%2Fwp%2Fv2%2Fproduct_cat&post=10756"},{"taxonomy":"product_tag","embeddable":true,"href":"https:\/\/besamalzeme.com\/index.php?rest_route=%2Fwp%2Fv2%2Fproduct_tag&post=10756"}],"curies":[{"name":"wp","href":"https:\/\/api.w.org\/{rel}","templated":true}]}}