{"id":10805,"date":"2025-08-25T13:48:21","date_gmt":"2025-08-25T13:48:21","guid":{"rendered":"https:\/\/besamalzeme.com\/?post_type=product&#038;p=10805"},"modified":"2026-03-14T12:02:51","modified_gmt":"2026-03-14T12:02:51","slug":"zimpara-film-disk-atlas","status":"publish","type":"product","link":"https:\/\/besamalzeme.com\/?product=zimpara-film-disk-atlas","title":{"rendered":"Z\u0131mpara &#8211; Film Disk Atlas"},"content":{"rendered":"<ul>\n<li><strong>Film Disk 115*80 P K\u0131rm\u0131z\u0131 Vlc. D\u00fcz Atlas<\/strong><\/li>\n<\/ul>\n","protected":false},"excerpt":{"rendered":"<p>Film Disk 115*80 P K\u0131rm\u0131z\u0131 Vlc. D\u00fcz Atlas<\/p>\n","protected":false},"featured_media":11400,"comment_status":"open","ping_status":"closed","template":"","meta":[],"product_cat":[158,28],"product_tag":[],"_links":{"self":[{"href":"https:\/\/besamalzeme.com\/index.php?rest_route=\/wp\/v2\/product\/10805"}],"collection":[{"href":"https:\/\/besamalzeme.com\/index.php?rest_route=\/wp\/v2\/product"}],"about":[{"href":"https:\/\/besamalzeme.com\/index.php?rest_route=\/wp\/v2\/types\/product"}],"replies":[{"embeddable":true,"href":"https:\/\/besamalzeme.com\/index.php?rest_route=%2Fwp%2Fv2%2Fcomments&post=10805"}],"version-history":[{"count":1,"href":"https:\/\/besamalzeme.com\/index.php?rest_route=\/wp\/v2\/product\/10805\/revisions"}],"predecessor-version":[{"id":10806,"href":"https:\/\/besamalzeme.com\/index.php?rest_route=\/wp\/v2\/product\/10805\/revisions\/10806"}],"wp:featuredmedia":[{"embeddable":true,"href":"https:\/\/besamalzeme.com\/index.php?rest_route=\/wp\/v2\/media\/11400"}],"wp:attachment":[{"href":"https:\/\/besamalzeme.com\/index.php?rest_route=%2Fwp%2Fv2%2Fmedia&parent=10805"}],"wp:term":[{"taxonomy":"product_cat","embeddable":true,"href":"https:\/\/besamalzeme.com\/index.php?rest_route=%2Fwp%2Fv2%2Fproduct_cat&post=10805"},{"taxonomy":"product_tag","embeddable":true,"href":"https:\/\/besamalzeme.com\/index.php?rest_route=%2Fwp%2Fv2%2Fproduct_tag&post=10805"}],"curies":[{"name":"wp","href":"https:\/\/api.w.org\/{rel}","templated":true}]}}